{"id":489,"date":"2018-03-20T13:18:21","date_gmt":"2018-03-20T12:18:21","guid":{"rendered":"https:\/\/www.ebi.eu\/dealer-worden\/"},"modified":"2019-02-26T11:23:06","modified_gmt":"2019-02-26T10:23:06","slug":"devenir-distributeur","status":"publish","type":"page","link":"https:\/\/www.ebi.eu\/fr\/devenir-distributeur\/","title":{"rendered":"Devenir distributeur"},"content":{"rendered":"<p>Nous vous remercions de votre int\u00e9r\u00eat pour notre entreprise! Nous sommes heureux de vous fournir nos produits et vous souhaitons la bienvenue en tant que client. Lorsque vous remplissez le formulaire ci-dessous et que vous t\u00e9l\u00e9chargez votre r\u00e9sum\u00e9 de la Chambre de commerce, notre service de soutien aux ventes communiquera avec vous ou activera votre compte dans un d\u00e9lai de deux jours ouvrables.<\/p>\n<p>&nbsp;<\/p>\n","protected":false},"excerpt":{"rendered":"<p>Nous vous remercions de votre int\u00e9r\u00eat pour notre entreprise! Nous sommes heureux de vous fournir nos produits et vous souhaitons la bienvenue en tant que client. Lorsque vous remplissez le formulaire ci-dessous et que vous t\u00e9l\u00e9chargez votre r\u00e9sum\u00e9 de la Chambre de commerce, notre service de soutien aux ventes communiquera avec vous ou activera votre [&hellip;]<\/p>\n","protected":false},"author":2,"featured_media":0,"parent":0,"menu_order":0,"comment_status":"closed","ping_status":"closed","template":"page_dealer.php","meta":{"_acf_changed":false,"_exactmetrics_skip_tracking":false,"_exactmetrics_sitenote_active":false,"_exactmetrics_sitenote_note":"","_exactmetrics_sitenote_category":0,"footnotes":""},"class_list":["post-489","page","type-page","status-publish","hentry"],"acf":[],"yoast_head":"<!-- This site is optimized with the Yoast SEO plugin v27.0 - https:\/\/yoast.com\/product\/yoast-seo-wordpress\/ -->\n<title>Devenir distributeur - ebi - Lifestyle for Pets<\/title>\n<meta name=\"robots\" content=\"index, follow, max-snippet:-1, max-image-preview:large, max-video-preview:-1\" \/>\n<link rel=\"canonical\" href=\"https:\/\/www.ebi.eu\/fr\/devenir-distributeur\/\" \/>\n<meta property=\"og:locale\" content=\"fr_FR\" \/>\n<meta property=\"og:type\" content=\"article\" \/>\n<meta property=\"og:title\" content=\"Devenir distributeur - ebi - Lifestyle for Pets\" \/>\n<meta property=\"og:description\" content=\"Nous vous remercions de votre int\u00e9r\u00eat pour notre entreprise! Nous sommes heureux de vous fournir nos produits et vous souhaitons la bienvenue en tant que client. Lorsque vous remplissez le formulaire ci-dessous et que vous t\u00e9l\u00e9chargez votre r\u00e9sum\u00e9 de la Chambre de commerce, notre service de soutien aux ventes communiquera avec vous ou activera votre [&hellip;]\" \/>\n<meta property=\"og:url\" content=\"https:\/\/www.ebi.eu\/fr\/devenir-distributeur\/\" \/>\n<meta property=\"og:site_name\" content=\"ebi - Lifestyle for Pets\" \/>\n<meta property=\"article:modified_time\" content=\"2019-02-26T10:23:06+00:00\" \/>\n<meta name=\"twitter:card\" content=\"summary_large_image\" \/>\n<script type=\"application\/ld+json\" class=\"yoast-schema-graph\">{\"@context\":\"https:\/\/schema.org\",\"@graph\":[{\"@type\":\"WebPage\",\"@id\":\"https:\/\/www.ebi.eu\/fr\/devenir-distributeur\/\",\"url\":\"https:\/\/www.ebi.eu\/fr\/devenir-distributeur\/\",\"name\":\"Devenir distributeur - ebi - Lifestyle for Pets\",\"isPartOf\":{\"@id\":\"https:\/\/www.ebi.eu\/#website\"},\"datePublished\":\"2018-03-20T12:18:21+00:00\",\"dateModified\":\"2019-02-26T10:23:06+00:00\",\"breadcrumb\":{\"@id\":\"https:\/\/www.ebi.eu\/fr\/devenir-distributeur\/#breadcrumb\"},\"inLanguage\":\"fr-FR\",\"potentialAction\":[{\"@type\":\"ReadAction\",\"target\":[\"https:\/\/www.ebi.eu\/fr\/devenir-distributeur\/\"]}]},{\"@type\":\"BreadcrumbList\",\"@id\":\"https:\/\/www.ebi.eu\/fr\/devenir-distributeur\/#breadcrumb\",\"itemListElement\":[{\"@type\":\"ListItem\",\"position\":1,\"name\":\"Home\",\"item\":\"https:\/\/www.ebi.eu\/fr\/\"},{\"@type\":\"ListItem\",\"position\":2,\"name\":\"Devenir distributeur\"}]},{\"@type\":\"WebSite\",\"@id\":\"https:\/\/www.ebi.eu\/#website\",\"url\":\"https:\/\/www.ebi.eu\/\",\"name\":\"ebi - Lifestyle for Pets\",\"description\":\"ebi\",\"potentialAction\":[{\"@type\":\"SearchAction\",\"target\":{\"@type\":\"EntryPoint\",\"urlTemplate\":\"https:\/\/www.ebi.eu\/?s={search_term_string}\"},\"query-input\":{\"@type\":\"PropertyValueSpecification\",\"valueRequired\":true,\"valueName\":\"search_term_string\"}}],\"inLanguage\":\"fr-FR\"}]}<\/script>\n<!-- \/ Yoast SEO plugin. -->","yoast_head_json":{"title":"Devenir distributeur - ebi - Lifestyle for Pets","robots":{"index":"index","follow":"follow","max-snippet":"max-snippet:-1","max-image-preview":"max-image-preview:large","max-video-preview":"max-video-preview:-1"},"canonical":"https:\/\/www.ebi.eu\/fr\/devenir-distributeur\/","og_locale":"fr_FR","og_type":"article","og_title":"Devenir distributeur - ebi - Lifestyle for Pets","og_description":"Nous vous remercions de votre int\u00e9r\u00eat pour notre entreprise! Nous sommes heureux de vous fournir nos produits et vous souhaitons la bienvenue en tant que client. Lorsque vous remplissez le formulaire ci-dessous et que vous t\u00e9l\u00e9chargez votre r\u00e9sum\u00e9 de la Chambre de commerce, notre service de soutien aux ventes communiquera avec vous ou activera votre [&hellip;]","og_url":"https:\/\/www.ebi.eu\/fr\/devenir-distributeur\/","og_site_name":"ebi - Lifestyle for Pets","article_modified_time":"2019-02-26T10:23:06+00:00","twitter_card":"summary_large_image","schema":{"@context":"https:\/\/schema.org","@graph":[{"@type":"WebPage","@id":"https:\/\/www.ebi.eu\/fr\/devenir-distributeur\/","url":"https:\/\/www.ebi.eu\/fr\/devenir-distributeur\/","name":"Devenir distributeur - ebi - Lifestyle for Pets","isPartOf":{"@id":"https:\/\/www.ebi.eu\/#website"},"datePublished":"2018-03-20T12:18:21+00:00","dateModified":"2019-02-26T10:23:06+00:00","breadcrumb":{"@id":"https:\/\/www.ebi.eu\/fr\/devenir-distributeur\/#breadcrumb"},"inLanguage":"fr-FR","potentialAction":[{"@type":"ReadAction","target":["https:\/\/www.ebi.eu\/fr\/devenir-distributeur\/"]}]},{"@type":"BreadcrumbList","@id":"https:\/\/www.ebi.eu\/fr\/devenir-distributeur\/#breadcrumb","itemListElement":[{"@type":"ListItem","position":1,"name":"Home","item":"https:\/\/www.ebi.eu\/fr\/"},{"@type":"ListItem","position":2,"name":"Devenir distributeur"}]},{"@type":"WebSite","@id":"https:\/\/www.ebi.eu\/#website","url":"https:\/\/www.ebi.eu\/","name":"ebi - Lifestyle for Pets","description":"ebi","potentialAction":[{"@type":"SearchAction","target":{"@type":"EntryPoint","urlTemplate":"https:\/\/www.ebi.eu\/?s={search_term_string}"},"query-input":{"@type":"PropertyValueSpecification","valueRequired":true,"valueName":"search_term_string"}}],"inLanguage":"fr-FR"}]}},"_links":{"self":[{"href":"https:\/\/www.ebi.eu\/fr\/wp-json\/wp\/v2\/pages\/489","targetHints":{"allow":["GET"]}}],"collection":[{"href":"https:\/\/www.ebi.eu\/fr\/wp-json\/wp\/v2\/pages"}],"about":[{"href":"https:\/\/www.ebi.eu\/fr\/wp-json\/wp\/v2\/types\/page"}],"author":[{"embeddable":true,"href":"https:\/\/www.ebi.eu\/fr\/wp-json\/wp\/v2\/users\/2"}],"replies":[{"embeddable":true,"href":"https:\/\/www.ebi.eu\/fr\/wp-json\/wp\/v2\/comments?post=489"}],"version-history":[{"count":5,"href":"https:\/\/www.ebi.eu\/fr\/wp-json\/wp\/v2\/pages\/489\/revisions"}],"predecessor-version":[{"id":2840,"href":"https:\/\/www.ebi.eu\/fr\/wp-json\/wp\/v2\/pages\/489\/revisions\/2840"}],"wp:attachment":[{"href":"https:\/\/www.ebi.eu\/fr\/wp-json\/wp\/v2\/media?parent=489"}],"curies":[{"name":"wp","href":"https:\/\/api.w.org\/{rel}","templated":true}]}}