{"id":490,"date":"2018-03-20T13:18:21","date_gmt":"2018-03-20T12:18:21","guid":{"rendered":"https:\/\/www.ebi.eu\/dealer-worden\/"},"modified":"2018-05-14T10:51:56","modified_gmt":"2018-05-14T08:51:56","slug":"become-a-dealer","status":"publish","type":"page","link":"https:\/\/www.ebi.eu\/de\/become-a-dealer\/","title":{"rendered":"Become a dealer"},"content":{"rendered":"<p>Vielen Dank f\u00fcr Ihr Interesse an unserer Firma! Gerne stellen wir Ihnen unsere Produkte zur Verf\u00fcgung und hei\u00dfen Sie als Kunden willkommen. Wenn Sie das unten stehende Formular ausf\u00fcllen und Ihre Zusammenfassung der Handelskammer hochladen, wird sich unsere Abteilung f\u00fcr Verkaufsunterst\u00fctzung innerhalb von zwei Arbeitstagen mit Ihnen in Verbindung setzen oder Ihr Konto aktivieren.<\/p>\n","protected":false},"excerpt":{"rendered":"<p>Vielen Dank f\u00fcr Ihr Interesse an unserer Firma! Gerne stellen wir Ihnen unsere Produkte zur Verf\u00fcgung und hei\u00dfen Sie als Kunden willkommen. Wenn Sie das unten stehende Formular ausf\u00fcllen und Ihre Zusammenfassung der Handelskammer hochladen, wird sich unsere Abteilung f\u00fcr Verkaufsunterst\u00fctzung innerhalb von zwei Arbeitstagen mit Ihnen in Verbindung setzen oder Ihr Konto aktivieren.<\/p>\n","protected":false},"author":2,"featured_media":0,"parent":0,"menu_order":0,"comment_status":"closed","ping_status":"closed","template":"page_dealer.php","meta":{"_acf_changed":false,"_exactmetrics_skip_tracking":false,"_exactmetrics_sitenote_active":false,"_exactmetrics_sitenote_note":"","_exactmetrics_sitenote_category":0,"footnotes":""},"class_list":["post-490","page","type-page","status-publish","hentry"],"acf":[],"yoast_head":"<!-- This site is optimized with the Yoast SEO plugin v27.0 - https:\/\/yoast.com\/product\/yoast-seo-wordpress\/ -->\n<title>Become a dealer - ebi - Lifestyle for Pets<\/title>\n<meta name=\"robots\" content=\"index, follow, max-snippet:-1, max-image-preview:large, max-video-preview:-1\" \/>\n<link rel=\"canonical\" href=\"https:\/\/www.ebi.eu\/de\/become-a-dealer\/\" \/>\n<meta property=\"og:locale\" content=\"de_DE\" \/>\n<meta property=\"og:type\" content=\"article\" \/>\n<meta property=\"og:title\" content=\"Become a dealer - ebi - Lifestyle for Pets\" \/>\n<meta property=\"og:description\" content=\"Vielen Dank f\u00fcr Ihr Interesse an unserer Firma! Gerne stellen wir Ihnen unsere Produkte zur Verf\u00fcgung und hei\u00dfen Sie als Kunden willkommen. Wenn Sie das unten stehende Formular ausf\u00fcllen und Ihre Zusammenfassung der Handelskammer hochladen, wird sich unsere Abteilung f\u00fcr Verkaufsunterst\u00fctzung innerhalb von zwei Arbeitstagen mit Ihnen in Verbindung setzen oder Ihr Konto aktivieren.\" \/>\n<meta property=\"og:url\" content=\"https:\/\/www.ebi.eu\/de\/become-a-dealer\/\" \/>\n<meta property=\"og:site_name\" content=\"ebi - Lifestyle for Pets\" \/>\n<meta property=\"article:modified_time\" content=\"2018-05-14T08:51:56+00:00\" \/>\n<meta name=\"twitter:card\" content=\"summary_large_image\" \/>\n<script type=\"application\/ld+json\" class=\"yoast-schema-graph\">{\"@context\":\"https:\/\/schema.org\",\"@graph\":[{\"@type\":\"WebPage\",\"@id\":\"https:\/\/www.ebi.eu\/de\/become-a-dealer\/\",\"url\":\"https:\/\/www.ebi.eu\/de\/become-a-dealer\/\",\"name\":\"Become a dealer - ebi - Lifestyle for Pets\",\"isPartOf\":{\"@id\":\"https:\/\/www.ebi.eu\/#website\"},\"datePublished\":\"2018-03-20T12:18:21+00:00\",\"dateModified\":\"2018-05-14T08:51:56+00:00\",\"breadcrumb\":{\"@id\":\"https:\/\/www.ebi.eu\/de\/become-a-dealer\/#breadcrumb\"},\"inLanguage\":\"de\",\"potentialAction\":[{\"@type\":\"ReadAction\",\"target\":[\"https:\/\/www.ebi.eu\/de\/become-a-dealer\/\"]}]},{\"@type\":\"BreadcrumbList\",\"@id\":\"https:\/\/www.ebi.eu\/de\/become-a-dealer\/#breadcrumb\",\"itemListElement\":[{\"@type\":\"ListItem\",\"position\":1,\"name\":\"Home\",\"item\":\"https:\/\/www.ebi.eu\/de\/\"},{\"@type\":\"ListItem\",\"position\":2,\"name\":\"Become a dealer\"}]},{\"@type\":\"WebSite\",\"@id\":\"https:\/\/www.ebi.eu\/#website\",\"url\":\"https:\/\/www.ebi.eu\/\",\"name\":\"ebi - Lifestyle for Pets\",\"description\":\"ebi\",\"potentialAction\":[{\"@type\":\"SearchAction\",\"target\":{\"@type\":\"EntryPoint\",\"urlTemplate\":\"https:\/\/www.ebi.eu\/?s={search_term_string}\"},\"query-input\":{\"@type\":\"PropertyValueSpecification\",\"valueRequired\":true,\"valueName\":\"search_term_string\"}}],\"inLanguage\":\"de\"}]}<\/script>\n<!-- \/ Yoast SEO plugin. -->","yoast_head_json":{"title":"Become a dealer - ebi - Lifestyle for Pets","robots":{"index":"index","follow":"follow","max-snippet":"max-snippet:-1","max-image-preview":"max-image-preview:large","max-video-preview":"max-video-preview:-1"},"canonical":"https:\/\/www.ebi.eu\/de\/become-a-dealer\/","og_locale":"de_DE","og_type":"article","og_title":"Become a dealer - ebi - Lifestyle for Pets","og_description":"Vielen Dank f\u00fcr Ihr Interesse an unserer Firma! Gerne stellen wir Ihnen unsere Produkte zur Verf\u00fcgung und hei\u00dfen Sie als Kunden willkommen. Wenn Sie das unten stehende Formular ausf\u00fcllen und Ihre Zusammenfassung der Handelskammer hochladen, wird sich unsere Abteilung f\u00fcr Verkaufsunterst\u00fctzung innerhalb von zwei Arbeitstagen mit Ihnen in Verbindung setzen oder Ihr Konto aktivieren.","og_url":"https:\/\/www.ebi.eu\/de\/become-a-dealer\/","og_site_name":"ebi - Lifestyle for Pets","article_modified_time":"2018-05-14T08:51:56+00:00","twitter_card":"summary_large_image","schema":{"@context":"https:\/\/schema.org","@graph":[{"@type":"WebPage","@id":"https:\/\/www.ebi.eu\/de\/become-a-dealer\/","url":"https:\/\/www.ebi.eu\/de\/become-a-dealer\/","name":"Become a dealer - ebi - Lifestyle for Pets","isPartOf":{"@id":"https:\/\/www.ebi.eu\/#website"},"datePublished":"2018-03-20T12:18:21+00:00","dateModified":"2018-05-14T08:51:56+00:00","breadcrumb":{"@id":"https:\/\/www.ebi.eu\/de\/become-a-dealer\/#breadcrumb"},"inLanguage":"de","potentialAction":[{"@type":"ReadAction","target":["https:\/\/www.ebi.eu\/de\/become-a-dealer\/"]}]},{"@type":"BreadcrumbList","@id":"https:\/\/www.ebi.eu\/de\/become-a-dealer\/#breadcrumb","itemListElement":[{"@type":"ListItem","position":1,"name":"Home","item":"https:\/\/www.ebi.eu\/de\/"},{"@type":"ListItem","position":2,"name":"Become a dealer"}]},{"@type":"WebSite","@id":"https:\/\/www.ebi.eu\/#website","url":"https:\/\/www.ebi.eu\/","name":"ebi - Lifestyle for Pets","description":"ebi","potentialAction":[{"@type":"SearchAction","target":{"@type":"EntryPoint","urlTemplate":"https:\/\/www.ebi.eu\/?s={search_term_string}"},"query-input":{"@type":"PropertyValueSpecification","valueRequired":true,"valueName":"search_term_string"}}],"inLanguage":"de"}]}},"_links":{"self":[{"href":"https:\/\/www.ebi.eu\/de\/wp-json\/wp\/v2\/pages\/490","targetHints":{"allow":["GET"]}}],"collection":[{"href":"https:\/\/www.ebi.eu\/de\/wp-json\/wp\/v2\/pages"}],"about":[{"href":"https:\/\/www.ebi.eu\/de\/wp-json\/wp\/v2\/types\/page"}],"author":[{"embeddable":true,"href":"https:\/\/www.ebi.eu\/de\/wp-json\/wp\/v2\/users\/2"}],"replies":[{"embeddable":true,"href":"https:\/\/www.ebi.eu\/de\/wp-json\/wp\/v2\/comments?post=490"}],"version-history":[{"count":2,"href":"https:\/\/www.ebi.eu\/de\/wp-json\/wp\/v2\/pages\/490\/revisions"}],"predecessor-version":[{"id":1575,"href":"https:\/\/www.ebi.eu\/de\/wp-json\/wp\/v2\/pages\/490\/revisions\/1575"}],"wp:attachment":[{"href":"https:\/\/www.ebi.eu\/de\/wp-json\/wp\/v2\/media?parent=490"}],"curies":[{"name":"wp","href":"https:\/\/api.w.org\/{rel}","templated":true}]}}